{"id":5,"date":"2021-04-09T10:58:30","date_gmt":"2021-04-09T08:58:30","guid":{"rendered":"http:\/\/associazionemusicsound.it\/?page_id=5"},"modified":"2023-04-01T20:18:21","modified_gmt":"2023-04-01T18:18:21","slug":"crea-il-tuo-sito-web-con-i-blocchi","status":"publish","type":"page","link":"https:\/\/associazionemusicsound.it\/","title":{"rendered":"Il segreto per uno spettacolo di successo? Rivolgersi  solo a professionisti!"},"content":{"rendered":"\n<p><\/p>\n\n\n\n<h2 class=\"wp-block-heading alignwide has-text-align-wide has-gigantic-font-size\" style=\"line-height:1.1\">Ecco una panoramica di quello che la nostra collaborazione pu\u00f2 aiutarvi a realizzare.<\/h2>\n\n\n\n<div style=\"height:100px\" aria-hidden=\"true\" class=\"wp-block-spacer\"><\/div>\n\n\n\n<div class=\"wp-block-columns alignwide are-vertically-aligned-center is-style-twentytwentyone-columns-overlap is-layout-flex wp-container-core-columns-is-layout-9d6595d7 wp-block-columns-is-layout-flex\">\n<div class=\"wp-block-column is-vertically-aligned-center is-layout-flow wp-block-column-is-layout-flow\">\n<figure class=\"wp-block-image alignfull size-large\"><img loading=\"lazy\" decoding=\"async\" width=\"1024\" height=\"683\" src=\"http:\/\/associazionemusicsound.it\/wp-content\/uploads\/2021\/04\/djFesta-1024x683.jpg\" alt=\"\" class=\"wp-image-31\" srcset=\"https:\/\/associazionemusicsound.it\/wp-content\/uploads\/2021\/04\/djFesta-1024x683.jpg 1024w, https:\/\/associazionemusicsound.it\/wp-content\/uploads\/2021\/04\/djFesta-300x200.jpg 300w, https:\/\/associazionemusicsound.it\/wp-content\/uploads\/2021\/04\/djFesta-768x512.jpg 768w, https:\/\/associazionemusicsound.it\/wp-content\/uploads\/2021\/04\/djFesta-1536x1024.jpg 1536w, https:\/\/associazionemusicsound.it\/wp-content\/uploads\/2021\/04\/djFesta-2048x1365.jpg 2048w\" sizes=\"auto, (max-width: 1024px) 100vw, 1024px\" \/><\/figure>\n\n\n\n<div style=\"height:100px\" aria-hidden=\"true\" class=\"wp-block-spacer\"><\/div>\n\n\n\n<figure class=\"wp-block-image alignfull size-large is-style-twentytwentyone-image-frame\"><img loading=\"lazy\" decoding=\"async\" width=\"1024\" height=\"576\" src=\"http:\/\/associazionemusicsound.it\/wp-content\/uploads\/2021\/04\/caviBackMixer4-1024x576.jpg\" alt=\"\" class=\"wp-image-29\" srcset=\"https:\/\/associazionemusicsound.it\/wp-content\/uploads\/2021\/04\/caviBackMixer4-1024x576.jpg 1024w, https:\/\/associazionemusicsound.it\/wp-content\/uploads\/2021\/04\/caviBackMixer4-300x169.jpg 300w, https:\/\/associazionemusicsound.it\/wp-content\/uploads\/2021\/04\/caviBackMixer4-768x432.jpg 768w, https:\/\/associazionemusicsound.it\/wp-content\/uploads\/2021\/04\/caviBackMixer4-1536x864.jpg 1536w, https:\/\/associazionemusicsound.it\/wp-content\/uploads\/2021\/04\/caviBackMixer4-2048x1152.jpg 2048w\" sizes=\"auto, (max-width: 1024px) 100vw, 1024px\" \/><\/figure>\n<\/div>\n\n\n\n<div class=\"wp-block-column is-vertically-aligned-center is-layout-flow wp-block-column-is-layout-flow\">\n<div style=\"height:100px\" aria-hidden=\"true\" class=\"wp-block-spacer\"><\/div>\n\n\n\n<figure class=\"wp-block-image size-large alignfull size-full is-style-twentytwentyone-border\"><img loading=\"lazy\" decoding=\"async\" width=\"1024\" height=\"683\" src=\"http:\/\/associazionemusicsound.it\/wp-content\/uploads\/2021\/04\/people-2572735-1024x683.jpg\" alt=\"\" class=\"wp-image-28\" srcset=\"https:\/\/associazionemusicsound.it\/wp-content\/uploads\/2021\/04\/people-2572735-1024x683.jpg 1024w, https:\/\/associazionemusicsound.it\/wp-content\/uploads\/2021\/04\/people-2572735-300x200.jpg 300w, https:\/\/associazionemusicsound.it\/wp-content\/uploads\/2021\/04\/people-2572735-768x512.jpg 768w, https:\/\/associazionemusicsound.it\/wp-content\/uploads\/2021\/04\/people-2572735-1536x1024.jpg 1536w, https:\/\/associazionemusicsound.it\/wp-content\/uploads\/2021\/04\/people-2572735-2048x1365.jpg 2048w\" sizes=\"auto, (max-width: 1024px) 100vw, 1024px\" \/><\/figure>\n<\/div>\n<\/div>\n\n\n\n<div style=\"height:50px\" aria-hidden=\"true\" class=\"wp-block-spacer\"><\/div>\n\n\n\n<div class=\"wp-block-columns alignwide are-vertically-aligned-top is-layout-flex wp-container-core-columns-is-layout-9d6595d7 wp-block-columns-is-layout-flex\">\n<div class=\"wp-block-column is-vertically-aligned-top is-layout-flow wp-block-column-is-layout-flow\">\n<h3 class=\"wp-block-heading\">Palco, coperture e accessori<\/h3>\n\n\n\n<p>Siamo specializzati nel montaggio di <strong>qualsiasi tipo di palco<\/strong>: dal pi\u00f9 piccolo a palchi giganti anche in situazioni pi\u00f9 difficili (terreno scosceso, spazi con ostruzioni di vario tipo, etc). Inoltre noleggiamo <strong>coperture<\/strong> del palco, <strong>gazebi<\/strong> pedanati, <strong>tensostrutture<\/strong> a seconda dell&#8217;esigenze del committente e anche <strong>sedie<\/strong> ignifughe antipanico.<\/p>\n<\/div>\n\n\n\n<div class=\"wp-block-column is-vertically-aligned-top is-layout-flow wp-block-column-is-layout-flow\">\n<h3 class=\"wp-block-heading\">Service audio<\/h3>\n\n\n\n<p>Abbiamo la possibilit\u00e0 di amplificare la tua esibizione con una potenza eccezionale sempre lasciando inalterata la qualit\u00e0. Inoltre possiamo amplificare un ambiente dove \u00e8 necessario contenere i decibel, tramite una amplificazione utilizzata sinergicamente.<\/p>\n<\/div>\n\n\n\n<div class=\"wp-block-column is-vertically-aligned-top is-layout-flow wp-block-column-is-layout-flow\">\n<h3 class=\"wp-block-heading\">Service luci <\/h3>\n\n\n\n<p>Spesso nei concerti e spettacoli \u00e8 importante la scenografia ma il migliore risultato si ottiene con una perfetta sincron\u00eca delle luci e degli effetti su palco (tipo fuoco e nebbia). Nel nostro curriculum non a caso compaiono spettacoli di danza che hanno riscosso notevole successo grazie alle nostre luci ed effetti.<\/p>\n<\/div>\n<\/div>\n\n\n\n<div style=\"height:100px\" aria-hidden=\"true\" class=\"wp-block-spacer\"><\/div>\n","protected":false},"excerpt":{"rendered":"<p>Ecco una panoramica di quello che la nostra collaborazione pu\u00f2 aiutarvi a realizzare. Palco, coperture e accessori Siamo specializzati nel montaggio di qualsiasi tipo di palco: dal pi\u00f9 piccolo a palchi giganti anche in situazioni pi\u00f9 difficili (terreno scosceso, spazi con ostruzioni di vario tipo, etc). Inoltre noleggiamo coperture del <a class=\"read-more\" href=\"https:\/\/associazionemusicsound.it\/\">Read More<\/a><\/p>\n","protected":false},"author":4,"featured_media":0,"parent":0,"menu_order":0,"comment_status":"closed","ping_status":"closed","template":"","meta":{"ngg_post_thumbnail":0,"footnotes":""},"class_list":["post-5","page","type-page","status-publish","hentry"],"_links":{"self":[{"href":"https:\/\/associazionemusicsound.it\/index.php\/wp-json\/wp\/v2\/pages\/5","targetHints":{"allow":["GET"]}}],"collection":[{"href":"https:\/\/associazionemusicsound.it\/index.php\/wp-json\/wp\/v2\/pages"}],"about":[{"href":"https:\/\/associazionemusicsound.it\/index.php\/wp-json\/wp\/v2\/types\/page"}],"author":[{"embeddable":true,"href":"https:\/\/associazionemusicsound.it\/index.php\/wp-json\/wp\/v2\/users\/4"}],"replies":[{"embeddable":true,"href":"https:\/\/associazionemusicsound.it\/index.php\/wp-json\/wp\/v2\/comments?post=5"}],"version-history":[{"count":12,"href":"https:\/\/associazionemusicsound.it\/index.php\/wp-json\/wp\/v2\/pages\/5\/revisions"}],"predecessor-version":[{"id":412,"href":"https:\/\/associazionemusicsound.it\/index.php\/wp-json\/wp\/v2\/pages\/5\/revisions\/412"}],"wp:attachment":[{"href":"https:\/\/associazionemusicsound.it\/index.php\/wp-json\/wp\/v2\/media?parent=5"}],"curies":[{"name":"wp","href":"https:\/\/api.w.org\/{rel}","templated":true}]}}